{"id":1647,"date":"2024-11-18T14:50:22","date_gmt":"2024-11-18T14:50:22","guid":{"rendered":"https:\/\/impactsummit.sk\/?page_id=1647"},"modified":"2024-11-18T17:22:05","modified_gmt":"2024-11-18T17:22:05","slug":"stream","status":"publish","type":"page","link":"https:\/\/impactsummit.sk\/en\/stream\/","title":{"rendered":"Stream"},"content":{"rendered":"\n<h1 class=\"wp-block-heading has-text-align-center page-heading\">Stream<\/h1>\n\n\n<div class=\"program-wrapper\"><div class=\"program program__stream\"><div class=\"program__item\"><p class=\"program__time\"><span class=\"animate-on-scroll\" data-animation=\"fadeInLeft\">09:35 &#8211; 10:15<\/span><\/p><div class=\"program__content animate-on-scroll\" data-animation=\"fadeInRight\"><h3 class=\"program__title\">Leadership a odolnos\u0165<\/h3><p class=\"program__desc\"><\/p><div class=\"mt-20\"><p class=\"\"><strong>&bullet; <a href=\"https:\/\/impactsummit.sk\/en\/speaker\/zuzana-caputova\/\" style=\"color:#40b7b3\" target=\"_blank\">Zuzana \u010caputov\u00e1<\/a><\/strong> , prezidentka Slovenskej republiky<\/p><p class=\"\"><strong>&bullet; <a href=\"https:\/\/impactsummit.sk\/en\/speaker\/dominik-hasek\/\" style=\"color:#40b7b3\" target=\"_blank\">Dominik Ha\u0161ek<\/a><\/strong> , legend\u00e1rny hokejov\u00fd brank\u00e1r a aktivista<\/p><p class=\"\"><strong>&bullet; <a href=\"https:\/\/impactsummit.sk\/en\/speaker\/martin-stano\/\" style=\"color:#40b7b3\" target=\"_blank\">Martin Sta\u0148o<\/a><\/strong> , moder\u00e1tor<\/p><\/div><\/div><\/div><div class=\"program__item\"><p class=\"program__time\"><span class=\"animate-on-scroll\" data-animation=\"fadeInLeft\">14:40 &#8211; 15:10<\/span><\/p><div class=\"program__content animate-on-scroll\" data-animation=\"fadeInRight\"><h3 class=\"program__title\">Hlas biznisu a filantropie: odvaha otv\u00e1ra\u0165 d\u00f4le\u017eit\u00e9 t\u00e9my<\/h3><p class=\"program__desc\"><\/p><div class=\"mt-20\"><p class=\"\"><strong>&bullet; <a href=\"https:\/\/impactsummit.sk\/en\/speaker\/dalibor-dedek\/\" style=\"color:#40b7b3\" target=\"_blank\">Dalibor D\u011bdek<\/a><\/strong> , majite\u013e a zakladate\u013e | JABLOTRON a.s.<\/p><p class=\"\"><strong>&bullet; <a href=\"https:\/\/impactsummit.sk\/en\/speaker\/martin-stano\/\" style=\"color:#40b7b3\" target=\"_blank\">Martin Sta\u0148o<\/a><\/strong> , moder\u00e1tor<\/p><\/div><\/div><\/div><div class=\"program__item\"><p class=\"program__time\"><span class=\"animate-on-scroll\" data-animation=\"fadeInLeft\">15:10 &#8211; 15:35<\/span><\/p><div class=\"program__content animate-on-scroll\" data-animation=\"fadeInRight\"><h3 class=\"program__title\">Ako pracova\u0165 s osobnou odolnos\u0165ou?<\/h3><p class=\"program__desc\"><\/p><div class=\"mt-20\"><p class=\"\"><strong>&bullet; <a href=\"https:\/\/impactsummit.sk\/en\/speaker\/adam-dolnik\/\" style=\"color:#40b7b3\" target=\"_blank\">Adam Doln\u00edk<\/a><\/strong> , vyjedn\u00e1va\u010d | vyjednavame.cz<\/p><\/div><\/div><\/div><\/div><\/div><div class=\"bg-element bg-element-circle bg-element-program-stream-1\"><\/div>","protected":false},"excerpt":{"rendered":"<p>Stream<\/p>\n","protected":false},"author":1,"featured_media":0,"parent":0,"menu_order":0,"comment_status":"closed","ping_status":"closed","template":"","meta":{"footnotes":""},"class_list":["post-1647","page","type-page","status-publish","hentry"],"acf":[],"yoast_head":"<!-- This site is optimized with the Yoast SEO plugin v26.2 - https:\/\/yoast.com\/wordpress\/plugins\/seo\/ -->\n<title>Stream - Impact Summit Nad\u00e1cia Pontis<\/title>\n<meta name=\"robots\" content=\"index, follow, max-snippet:-1, max-image-preview:large, max-video-preview:-1\" \/>\n<link rel=\"canonical\" href=\"https:\/\/impactsummit.sk\/en\/stream\/\" \/>\n<meta property=\"og:locale\" content=\"en_US\" \/>\n<meta property=\"og:type\" content=\"article\" \/>\n<meta property=\"og:title\" content=\"Stream - Impact Summit Nad\u00e1cia Pontis\" \/>\n<meta property=\"og:description\" content=\"Stream\" \/>\n<meta property=\"og:url\" content=\"https:\/\/impactsummit.sk\/en\/stream\/\" \/>\n<meta property=\"og:site_name\" content=\"Impact Summit Nad\u00e1cia Pontis\" \/>\n<meta property=\"article:modified_time\" content=\"2024-11-18T17:22:05+00:00\" \/>\n<meta name=\"twitter:card\" content=\"summary_large_image\" \/>\n<meta name=\"twitter:label1\" content=\"Est. reading time\" \/>\n\t<meta name=\"twitter:data1\" content=\"1 minute\" \/>\n<script type=\"application\/ld+json\" class=\"yoast-schema-graph\">{\"@context\":\"https:\/\/schema.org\",\"@graph\":[{\"@type\":\"WebPage\",\"@id\":\"https:\/\/impactsummit.sk\/en\/stream\/\",\"url\":\"https:\/\/impactsummit.sk\/en\/stream\/\",\"name\":\"Stream - Impact Summit Nad\u00e1cia Pontis\",\"isPartOf\":{\"@id\":\"https:\/\/impactsummit.sk\/en\/#website\"},\"datePublished\":\"2024-11-18T14:50:22+00:00\",\"dateModified\":\"2024-11-18T17:22:05+00:00\",\"breadcrumb\":{\"@id\":\"https:\/\/impactsummit.sk\/en\/stream\/#breadcrumb\"},\"inLanguage\":\"en-US\",\"potentialAction\":[{\"@type\":\"ReadAction\",\"target\":[\"https:\/\/impactsummit.sk\/en\/stream\/\"]}]},{\"@type\":\"BreadcrumbList\",\"@id\":\"https:\/\/impactsummit.sk\/en\/stream\/#breadcrumb\",\"itemListElement\":[{\"@type\":\"ListItem\",\"position\":1,\"name\":\"Home\",\"item\":\"https:\/\/impactsummit.sk\/en\/\"},{\"@type\":\"ListItem\",\"position\":2,\"name\":\"Stream\"}]},{\"@type\":\"WebSite\",\"@id\":\"https:\/\/impactsummit.sk\/en\/#website\",\"url\":\"https:\/\/impactsummit.sk\/en\/\",\"name\":\"Impact Summit Nad\u00e1cia Pontis\",\"description\":\"\",\"publisher\":{\"@id\":\"https:\/\/impactsummit.sk\/en\/#organization\"},\"potentialAction\":[{\"@type\":\"SearchAction\",\"target\":{\"@type\":\"EntryPoint\",\"urlTemplate\":\"https:\/\/impactsummit.sk\/en\/?s={search_term_string}\"},\"query-input\":{\"@type\":\"PropertyValueSpecification\",\"valueRequired\":true,\"valueName\":\"search_term_string\"}}],\"inLanguage\":\"en-US\"},{\"@type\":\"Organization\",\"@id\":\"https:\/\/impactsummit.sk\/en\/#organization\",\"name\":\"Impact Summit Nad\u00e1cia Pontis\",\"url\":\"https:\/\/impactsummit.sk\/en\/\",\"logo\":{\"@type\":\"ImageObject\",\"inLanguage\":\"en-US\",\"@id\":\"https:\/\/impactsummit.sk\/en\/#\/schema\/logo\/image\/\",\"url\":\"https:\/\/impactsummit.sk\/wp-content\/uploads\/2023\/09\/symbol-sprite.svg\",\"contentUrl\":\"https:\/\/impactsummit.sk\/wp-content\/uploads\/2023\/09\/symbol-sprite.svg\",\"caption\":\"Impact Summit Nad\u00e1cia Pontis\"},\"image\":{\"@id\":\"https:\/\/impactsummit.sk\/en\/#\/schema\/logo\/image\/\"}}]}<\/script>\n<!-- \/ Yoast SEO plugin. -->","yoast_head_json":{"title":"Stream - Impact Summit Nad\u00e1cia Pontis","robots":{"index":"index","follow":"follow","max-snippet":"max-snippet:-1","max-image-preview":"max-image-preview:large","max-video-preview":"max-video-preview:-1"},"canonical":"https:\/\/impactsummit.sk\/en\/stream\/","og_locale":"en_US","og_type":"article","og_title":"Stream - Impact Summit Nad\u00e1cia Pontis","og_description":"Stream","og_url":"https:\/\/impactsummit.sk\/en\/stream\/","og_site_name":"Impact Summit Nad\u00e1cia Pontis","article_modified_time":"2024-11-18T17:22:05+00:00","twitter_card":"summary_large_image","twitter_misc":{"Est. reading time":"1 minute"},"schema":{"@context":"https:\/\/schema.org","@graph":[{"@type":"WebPage","@id":"https:\/\/impactsummit.sk\/en\/stream\/","url":"https:\/\/impactsummit.sk\/en\/stream\/","name":"Stream - Impact Summit Nad\u00e1cia Pontis","isPartOf":{"@id":"https:\/\/impactsummit.sk\/en\/#website"},"datePublished":"2024-11-18T14:50:22+00:00","dateModified":"2024-11-18T17:22:05+00:00","breadcrumb":{"@id":"https:\/\/impactsummit.sk\/en\/stream\/#breadcrumb"},"inLanguage":"en-US","potentialAction":[{"@type":"ReadAction","target":["https:\/\/impactsummit.sk\/en\/stream\/"]}]},{"@type":"BreadcrumbList","@id":"https:\/\/impactsummit.sk\/en\/stream\/#breadcrumb","itemListElement":[{"@type":"ListItem","position":1,"name":"Home","item":"https:\/\/impactsummit.sk\/en\/"},{"@type":"ListItem","position":2,"name":"Stream"}]},{"@type":"WebSite","@id":"https:\/\/impactsummit.sk\/en\/#website","url":"https:\/\/impactsummit.sk\/en\/","name":"Impact Summit Nad\u00e1cia Pontis","description":"","publisher":{"@id":"https:\/\/impactsummit.sk\/en\/#organization"},"potentialAction":[{"@type":"SearchAction","target":{"@type":"EntryPoint","urlTemplate":"https:\/\/impactsummit.sk\/en\/?s={search_term_string}"},"query-input":{"@type":"PropertyValueSpecification","valueRequired":true,"valueName":"search_term_string"}}],"inLanguage":"en-US"},{"@type":"Organization","@id":"https:\/\/impactsummit.sk\/en\/#organization","name":"Impact Summit Nad\u00e1cia Pontis","url":"https:\/\/impactsummit.sk\/en\/","logo":{"@type":"ImageObject","inLanguage":"en-US","@id":"https:\/\/impactsummit.sk\/en\/#\/schema\/logo\/image\/","url":"https:\/\/impactsummit.sk\/wp-content\/uploads\/2023\/09\/symbol-sprite.svg","contentUrl":"https:\/\/impactsummit.sk\/wp-content\/uploads\/2023\/09\/symbol-sprite.svg","caption":"Impact Summit Nad\u00e1cia Pontis"},"image":{"@id":"https:\/\/impactsummit.sk\/en\/#\/schema\/logo\/image\/"}}]}},"_links":{"self":[{"href":"https:\/\/impactsummit.sk\/en\/wp-json\/wp\/v2\/pages\/1647","targetHints":{"allow":["GET"]}}],"collection":[{"href":"https:\/\/impactsummit.sk\/en\/wp-json\/wp\/v2\/pages"}],"about":[{"href":"https:\/\/impactsummit.sk\/en\/wp-json\/wp\/v2\/types\/page"}],"author":[{"embeddable":true,"href":"https:\/\/impactsummit.sk\/en\/wp-json\/wp\/v2\/users\/1"}],"replies":[{"embeddable":true,"href":"https:\/\/impactsummit.sk\/en\/wp-json\/wp\/v2\/comments?post=1647"}],"version-history":[{"count":4,"href":"https:\/\/impactsummit.sk\/en\/wp-json\/wp\/v2\/pages\/1647\/revisions"}],"predecessor-version":[{"id":2009,"href":"https:\/\/impactsummit.sk\/en\/wp-json\/wp\/v2\/pages\/1647\/revisions\/2009"}],"wp:attachment":[{"href":"https:\/\/impactsummit.sk\/en\/wp-json\/wp\/v2\/media?parent=1647"}],"curies":[{"name":"wp","href":"https:\/\/api.w.org\/{rel}","templated":true}]}}