{"id":1909,"date":"2025-08-19T15:32:31","date_gmt":"2025-08-19T15:32:31","guid":{"rendered":"https:\/\/impactsummit.sk\/?page_id=1909"},"modified":"2025-11-20T19:15:12","modified_gmt":"2025-11-20T19:15:12","slug":"nextgen","status":"publish","type":"page","link":"https:\/\/impactsummit.sk\/en\/nextgen\/","title":{"rendered":"Nextgen"},"content":{"rendered":"    <section class=\"impact-hero-cta wp-block-custom-impact-hero-cta\">\n        <div class=\"container impact_hero_cta\">\n\n            <div class=\"row align-items-stretch gx-5 gx-xl-6 gx-xxl-7 gy-4\">\n\n\n                <div class=\"col-12 col-md-6 order-2 order-md-1 impact_hero_cta_content_block \">\n                    <div class=\"d-flex flex-column h-100\">\n                        <div class=\"impact_hero_cta_content_block_inner d-flex flex-column h-100\">\n                                                            <h2 class=\"impact_hero_cta_content_block_heading\">\n                                    <strong>Be the change you wish to see in the world. <\/strong>(Mah\u00e1tm\u00e1 G\u00e1ndh\u00ed)<br>                                <\/h2>\n                            \n\n                            <div class=\"impact_hero_cta_content_block_bottom mt-auto pt-3\">\n                                                                    <div class=\"impact_hero_cta_excerpt mb-4\">\n                                        We believe it makes great sense to listen to the voices of the younger generation. Building a Slovakia where people want to live, work, and learn is impossible without providing space for those who will actively shape our country in just a few years.<br><br>That\u2019s why we opened the third edition of the event to the young generation through the Impact Summit #nextgen program. We\u2019ve looked for ten young people aged 18 to 35 from all around Slovakia who are active in their communities in various fields.                                    <\/div>\n                                \n                                <div class=\"impact_hero_cta_buttons d-flex flex-wrap justify-content-between\">\n                                                                            <a class=\"impact_hero_cta_btn impact_hero_cta_btn--outline btn btn-impact-outline\"\n                                           href=\"https:\/\/impactsummit.sk\/mas-odvahu-menit-slovensko-stan-sa-sucastou-impact-summit-nextgen\/\">\n                                            More info (in Slovak)                                        <\/a>\n                                    \n                                                                            <a class=\"impact_hero_cta_btn impact_hero_cta_btn--solid btn btn-impact-solid \"\n                                           href=\"https:\/\/impactsummit.sk\/en\/they-want-to-create-a-better-world-who-are-the-ten-finalists-of-2025-impact-summit-nextgen\/\">\n                                            Finalists                                        <\/a>\n                                                                    <\/div>\n                            <\/div>\n                        <\/div>\n                    <\/div>\n                <\/div>\n\n\n                <div class=\"col-12 col-md-6 order-1 order-md-2 impact_hero_cta_img_block_main\">\n                    <div class=\"position-relative impact_hero_cta_img_block decor\">\n                                                    <img decoding=\"async\" class=\"impact_hero_cta_img img-fluid d-block rounded-4\"\n                                 src=\"https:\/\/impactsummit.sk\/wp-content\/uploads\/2025\/09\/01_Next_Gen-scaled.jpg\"\n                                 alt=\"\" \/>\n                                            <\/div>\n                <\/div>\n\n            <\/div>\n        <\/div>\n    <\/section>\n    \n\n\n\n        <section class=\"impact-quote d-none wp-block-custom-impact-quote\">\n            <div class=\" impact_quote\">\n                <div class=\"row align-items-center gx-5 gy-4 position-relative\">\n\n                    <div class=\"col-12 col-lg-10 position-relative\">\n                        <div class=\"impact_quote_bubble\" style=\"--bubble-bg: #E9EAEC;\">\n                            <div class=\"impact_quote_quotes\" style=\"--quotes-color: #3B5AD9;\">\u201c<\/div>\n\n                                                            <div class=\"impact_quote_text\">Contrary to popular belief, Lorem Ipsum is not simply random text. It has roots in a piece of classical Latin literature from 45 BC, making it over 2000 years old. <\/div>\n                            \n                            <div class=\"impact_quote_author_block\">\n                                                                    <div class=\"impact_quote_author\">Meno Priezvisko<\/div>\n                                                                                                    <div class=\"impact_quote_role\">poz\u00edcia<\/div>\n                                                            <\/div>\n                        <\/div>\n                    <\/div>\n\n                    <div class=\"col-12 col-lg-2\">\n                        <div class=\"impact_quote_avatar_block\">\n                                                            <img decoding=\"async\" class=\"impact_quote_avatar\"\n                                     src=\"https:\/\/impactsummit.sk\/wp-content\/uploads\/2024\/10\/3_orezy_fotiek_8.png\"\n                                     alt=\"\" \/>\n                                                    <\/div>\n                    <\/div>\n\n                <\/div>\n            <\/div>\n        <\/section>\n        ","protected":false},"excerpt":{"rendered":"","protected":false},"author":5,"featured_media":0,"parent":0,"menu_order":0,"comment_status":"closed","ping_status":"closed","template":"","meta":{"footnotes":""},"class_list":["post-1909","page","type-page","status-publish","hentry"],"acf":[],"yoast_head":"<!-- This site is optimized with the Yoast SEO plugin v26.2 - https:\/\/yoast.com\/wordpress\/plugins\/seo\/ -->\n<title>Nextgen - Impact Summit Nad\u00e1cia Pontis<\/title>\n<meta name=\"robots\" content=\"index, follow, max-snippet:-1, max-image-preview:large, max-video-preview:-1\" \/>\n<link rel=\"canonical\" href=\"https:\/\/impactsummit.sk\/en\/nextgen\/\" \/>\n<meta property=\"og:locale\" content=\"en_US\" \/>\n<meta property=\"og:type\" content=\"article\" \/>\n<meta property=\"og:title\" content=\"Nextgen - Impact Summit Nad\u00e1cia Pontis\" \/>\n<meta property=\"og:url\" content=\"https:\/\/impactsummit.sk\/en\/nextgen\/\" \/>\n<meta property=\"og:site_name\" content=\"Impact Summit Nad\u00e1cia Pontis\" \/>\n<meta property=\"article:modified_time\" content=\"2025-11-20T19:15:12+00:00\" \/>\n<meta name=\"twitter:card\" content=\"summary_large_image\" \/>\n<script type=\"application\/ld+json\" class=\"yoast-schema-graph\">{\"@context\":\"https:\/\/schema.org\",\"@graph\":[{\"@type\":\"WebPage\",\"@id\":\"https:\/\/impactsummit.sk\/en\/nextgen\/\",\"url\":\"https:\/\/impactsummit.sk\/en\/nextgen\/\",\"name\":\"Nextgen - Impact Summit Nad\u00e1cia Pontis\",\"isPartOf\":{\"@id\":\"https:\/\/impactsummit.sk\/en\/#website\"},\"datePublished\":\"2025-08-19T15:32:31+00:00\",\"dateModified\":\"2025-11-20T19:15:12+00:00\",\"breadcrumb\":{\"@id\":\"https:\/\/impactsummit.sk\/en\/nextgen\/#breadcrumb\"},\"inLanguage\":\"en-US\",\"potentialAction\":[{\"@type\":\"ReadAction\",\"target\":[\"https:\/\/impactsummit.sk\/en\/nextgen\/\"]}]},{\"@type\":\"BreadcrumbList\",\"@id\":\"https:\/\/impactsummit.sk\/en\/nextgen\/#breadcrumb\",\"itemListElement\":[{\"@type\":\"ListItem\",\"position\":1,\"name\":\"Home\",\"item\":\"https:\/\/impactsummit.sk\/en\/\"},{\"@type\":\"ListItem\",\"position\":2,\"name\":\"Nextgen\"}]},{\"@type\":\"WebSite\",\"@id\":\"https:\/\/impactsummit.sk\/en\/#website\",\"url\":\"https:\/\/impactsummit.sk\/en\/\",\"name\":\"Impact Summit Nad\u00e1cia Pontis\",\"description\":\"\",\"publisher\":{\"@id\":\"https:\/\/impactsummit.sk\/en\/#organization\"},\"potentialAction\":[{\"@type\":\"SearchAction\",\"target\":{\"@type\":\"EntryPoint\",\"urlTemplate\":\"https:\/\/impactsummit.sk\/en\/?s={search_term_string}\"},\"query-input\":{\"@type\":\"PropertyValueSpecification\",\"valueRequired\":true,\"valueName\":\"search_term_string\"}}],\"inLanguage\":\"en-US\"},{\"@type\":\"Organization\",\"@id\":\"https:\/\/impactsummit.sk\/en\/#organization\",\"name\":\"Impact Summit Nad\u00e1cia Pontis\",\"url\":\"https:\/\/impactsummit.sk\/en\/\",\"logo\":{\"@type\":\"ImageObject\",\"inLanguage\":\"en-US\",\"@id\":\"https:\/\/impactsummit.sk\/en\/#\/schema\/logo\/image\/\",\"url\":\"https:\/\/impactsummit.sk\/wp-content\/uploads\/2023\/09\/symbol-sprite.svg\",\"contentUrl\":\"https:\/\/impactsummit.sk\/wp-content\/uploads\/2023\/09\/symbol-sprite.svg\",\"caption\":\"Impact Summit Nad\u00e1cia Pontis\"},\"image\":{\"@id\":\"https:\/\/impactsummit.sk\/en\/#\/schema\/logo\/image\/\"}}]}<\/script>\n<!-- \/ Yoast SEO plugin. -->","yoast_head_json":{"title":"Nextgen - Impact Summit Nad\u00e1cia Pontis","robots":{"index":"index","follow":"follow","max-snippet":"max-snippet:-1","max-image-preview":"max-image-preview:large","max-video-preview":"max-video-preview:-1"},"canonical":"https:\/\/impactsummit.sk\/en\/nextgen\/","og_locale":"en_US","og_type":"article","og_title":"Nextgen - Impact Summit Nad\u00e1cia Pontis","og_url":"https:\/\/impactsummit.sk\/en\/nextgen\/","og_site_name":"Impact Summit Nad\u00e1cia Pontis","article_modified_time":"2025-11-20T19:15:12+00:00","twitter_card":"summary_large_image","schema":{"@context":"https:\/\/schema.org","@graph":[{"@type":"WebPage","@id":"https:\/\/impactsummit.sk\/en\/nextgen\/","url":"https:\/\/impactsummit.sk\/en\/nextgen\/","name":"Nextgen - Impact Summit Nad\u00e1cia Pontis","isPartOf":{"@id":"https:\/\/impactsummit.sk\/en\/#website"},"datePublished":"2025-08-19T15:32:31+00:00","dateModified":"2025-11-20T19:15:12+00:00","breadcrumb":{"@id":"https:\/\/impactsummit.sk\/en\/nextgen\/#breadcrumb"},"inLanguage":"en-US","potentialAction":[{"@type":"ReadAction","target":["https:\/\/impactsummit.sk\/en\/nextgen\/"]}]},{"@type":"BreadcrumbList","@id":"https:\/\/impactsummit.sk\/en\/nextgen\/#breadcrumb","itemListElement":[{"@type":"ListItem","position":1,"name":"Home","item":"https:\/\/impactsummit.sk\/en\/"},{"@type":"ListItem","position":2,"name":"Nextgen"}]},{"@type":"WebSite","@id":"https:\/\/impactsummit.sk\/en\/#website","url":"https:\/\/impactsummit.sk\/en\/","name":"Impact Summit Nad\u00e1cia Pontis","description":"","publisher":{"@id":"https:\/\/impactsummit.sk\/en\/#organization"},"potentialAction":[{"@type":"SearchAction","target":{"@type":"EntryPoint","urlTemplate":"https:\/\/impactsummit.sk\/en\/?s={search_term_string}"},"query-input":{"@type":"PropertyValueSpecification","valueRequired":true,"valueName":"search_term_string"}}],"inLanguage":"en-US"},{"@type":"Organization","@id":"https:\/\/impactsummit.sk\/en\/#organization","name":"Impact Summit Nad\u00e1cia Pontis","url":"https:\/\/impactsummit.sk\/en\/","logo":{"@type":"ImageObject","inLanguage":"en-US","@id":"https:\/\/impactsummit.sk\/en\/#\/schema\/logo\/image\/","url":"https:\/\/impactsummit.sk\/wp-content\/uploads\/2023\/09\/symbol-sprite.svg","contentUrl":"https:\/\/impactsummit.sk\/wp-content\/uploads\/2023\/09\/symbol-sprite.svg","caption":"Impact Summit Nad\u00e1cia Pontis"},"image":{"@id":"https:\/\/impactsummit.sk\/en\/#\/schema\/logo\/image\/"}}]}},"_links":{"self":[{"href":"https:\/\/impactsummit.sk\/en\/wp-json\/wp\/v2\/pages\/1909","targetHints":{"allow":["GET"]}}],"collection":[{"href":"https:\/\/impactsummit.sk\/en\/wp-json\/wp\/v2\/pages"}],"about":[{"href":"https:\/\/impactsummit.sk\/en\/wp-json\/wp\/v2\/types\/page"}],"author":[{"embeddable":true,"href":"https:\/\/impactsummit.sk\/en\/wp-json\/wp\/v2\/users\/5"}],"replies":[{"embeddable":true,"href":"https:\/\/impactsummit.sk\/en\/wp-json\/wp\/v2\/comments?post=1909"}],"version-history":[{"count":13,"href":"https:\/\/impactsummit.sk\/en\/wp-json\/wp\/v2\/pages\/1909\/revisions"}],"predecessor-version":[{"id":2270,"href":"https:\/\/impactsummit.sk\/en\/wp-json\/wp\/v2\/pages\/1909\/revisions\/2270"}],"wp:attachment":[{"href":"https:\/\/impactsummit.sk\/en\/wp-json\/wp\/v2\/media?parent=1909"}],"curies":[{"name":"wp","href":"https:\/\/api.w.org\/{rel}","templated":true}]}}