{"id":869,"date":"2023-09-14T09:28:24","date_gmt":"2023-09-14T09:28:24","guid":{"rendered":"https:\/\/impactsummit.sk\/?page_id=869"},"modified":"2025-05-28T14:30:26","modified_gmt":"2025-05-28T14:30:26","slug":"contact","status":"publish","type":"page","link":"https:\/\/impactsummit.sk\/en\/contact\/","title":{"rendered":"Contact"},"content":{"rendered":"\n<section class=\"   wp-block-create-block-impact-row\"><div class=\"container\"><div class=\"row   \">\n<div class=\"col col-xl-12 col-lg-12 offset-xl-0 order-lg-0  wp-block-create-block-impact-column\">\n<h1 class=\"wp-block-heading page-heading text-center text-lg-start animate-on-scroll\">Contact<\/h1>\n<\/div>\n<\/div><\/div><\/section>\n\n\n<div class=\"d-flex flex-column mb-lg-100 mb-50 \">\n                <div class=\"order-1 order-lg-0 mb-lg-100 animate-on-scroll\" >\n                    <div class=\"contact-card py-25 py-lg-0\">\n                        <div class=\"container\">\n                            <div class=\"row align-items-center\">\n                                <div class=\"col-lg-5 col-4 contact-card__logo order-0 order-lg-1\">\n\t\t\t\t\t\t\t\t\t<img decoding=\"async\" src=\"https:\/\/impactsummit.sk\/wp-content\/uploads\/2025\/11\/pontis_eng_white-e1762513864817.png\" style=\"width:50%;\"\/>\n                                <\/div>\n                                <div class=\"col-lg-7 col-8 contact-card__contacts order-1 order-lg-0\">\n                                    <div class=\"d-flex align-items-start mb-15 mb-lg-25\">\n                                        <svg class=\"icon icon-location\">\n                                            <use xlink:href=\"\/wp-content\/themes\/impact_summit\/frontend\/dev\/assets\/imgs\/svg-icons\/svg-sprite\/symbol-sprite.svg#location\"><\/use>\n                                        <\/svg>\n                                        <p class=\"ms-15 mb-0 fs-14 fs-lg-24\">Zelin\u00e1rska 2, 821 08 Bratislava, Slovak republic<\/p>\n                                    <\/div>\n                                    <div class=\"d-flex align-items-start\">\n                                        <div>\n                                            <svg class=\"icon icon-email\">\n                                                <use xlink:href=\"\/wp-content\/themes\/impact_summit\/frontend\/dev\/assets\/imgs\/svg-icons\/svg-sprite\/symbol-sprite.svg#email\"><\/use>\n                                            <\/svg>\n                                        <\/div>\n                                        <a class=\"ms-15 fs-14 fs-lg-24 text-break\" href=\"mailto:impactsummit@nadaciapontis.sk\">impactsummit@nadaciapontis.sk<\/a>\n                                    <\/div>\n                                <\/div>\n                            <\/div>\n                        <\/div>\n                    <\/div>\n                <\/div><div class=\"order-0 order-lg-1\">\n                    <div class=\"contact-map\">\n                        <div class=\"container\">\n                            <div class=\"contact-map__card  d-lg-block animate-on-scroll \" >\n                                <p class=\"mb-0 fs-28\">\n                                    <span class=\"fw-bold\">Venue:<\/span><br>\n                \t\t\t\t\t\tAr\u00e9na theatre, Viedensk\u00e1 cesta 10, Bratislava\r\n\r\n\n                                <\/p>\n                            <\/div>\n                        <\/div>\n                        <div class=\"contact-map__inner animate-on-scroll\">\n                        ><iframe src=\"https:\/\/www.google.com\/maps\/embed?pb=!1m18!1m12!1m3!1d2662.6881187435697!2d17.112860777548356!3d48.135537651301455!2m3!1f0!2f0!3f0!3m2!1i1024!2i768!4f13.1!3m3!1m2!1s0x476c896b6f73af5f%3A0x74b7596253e67590!2sDivadlo%20Ar%C3%A9na!5e0!3m2!1ssk!2ssk!4v1725868846211!5m2!1ssk!2ssk\" width=\"600\" height=\"450\" style=\"border:0;\" allowfullscreen=\"\" loading=\"lazy\" referrerpolicy=\"no-referrer-when-downgrade\"><\/iframe><\/div><\/div><\/div><\/div><div class=\"container mb-lg-80 mb-80 contact-team\">\n                <h2 class=\"page-heading animate-on-scroll animated\" style=\"translate: none; rotate: none; scale: none; transform: translate(0px, 0px); opacity: 1;\">Contact<\/h2>\n                <div class=\"row\"><div class=\"col-12 col-md-6 col-xl-3 mb-lg-80 mb-60 animate-on-scroll animated\" style=\"translate: none; rotate: none; scale: none; transform: translate(0px, 0px); opacity: 1;\">\n                        <div class=\"team-card\">\n                            <div class=\"team-card__top\">\n                                <div class=\"team-card__img mb-lg-40 mb-25\">\n                                    <div class=\"avatar position-relative bg-yellow-200\">\n                                        <img decoding=\"async\" src=\"https:\/\/impactsummit.sk\/wp-content\/uploads\/2023\/10\/Mata-600x600.jpg\" alt=\"Martina Koles\u00e1rov\u00e1\" class=\"img-fluid w-100 h-100 position-absolute\">\n                                    <\/div>\n                                <\/div>\n                                <h3 class=\"team-card__title fw-bold text-center mb-5\">Martina Koles\u00e1rov\u00e1<\/h3>\n                                <p class=\"fs-lg-16 mb-20 text-center\">program, speakers<\/p>\n                            <\/div>\n                            <div class=\"team-card__bottom\">\n                                <a class=\"team-card__link fs-lg-16 fs-14\" href=\"mailto:martina.kolesarova@nadaciapontis.sk\">\n                                    <svg class=\"icon icon-email\">\n                                        <use xlink:href=\"\/wp-content\/themes\/impact_summit\/frontend\/dev\/assets\/imgs\/svg-icons\/svg-sprite\/symbol-sprite.svg#email\"><\/use>\n                                    <\/svg>\n                                    <span class=\"text-start d-inline-block\">martina.kolesarova@<br \/>nadaciapontis.sk<\/span>\n                                <\/a><a class=\"team-card__link fs-lg-16 fs-14\" href=\"tel:02 5710 8111\">\n                                    <svg class=\"icon icon-phone\">\n                                        <use xlink:href=\"\/wp-content\/themes\/impact_summit\/frontend\/dev\/assets\/imgs\/svg-icons\/svg-sprite\/symbol-sprite.svg#phone\"><\/use>\n                                    <\/svg>\n                                    <span>02 5710 8111<\/span>\n                                <\/a><\/div><\/div><\/div><div class=\"col-12 col-md-6 col-xl-3 mb-lg-80 mb-60 animate-on-scroll animated\" style=\"translate: none; rotate: none; scale: none; transform: translate(0px, 0px); opacity: 1;\">\n                        <div class=\"team-card\">\n                            <div class=\"team-card__top\">\n                                <div class=\"team-card__img mb-lg-40 mb-25\">\n                                    <div class=\"avatar position-relative bg-yellow-200\">\n                                        <img decoding=\"async\" src=\"https:\/\/impactsummit.sk\/wp-content\/uploads\/2023\/10\/Noro-600x600.jpg\" alt=\"Norbert Maur\" class=\"img-fluid w-100 h-100 position-absolute\">\n                                    <\/div>\n                                <\/div>\n                                <h3 class=\"team-card__title fw-bold text-center mb-5\">Norbert Maur<\/h3>\n                                <p class=\"fs-lg-16 mb-20 text-center\">program, speakers<\/p>\n                            <\/div>\n                            <div class=\"team-card__bottom\">\n                                <a class=\"team-card__link fs-lg-16 fs-14\" href=\"mailto:norbert.maur@nadaciapontis.sk\">\n                                    <svg class=\"icon icon-email\">\n                                        <use xlink:href=\"\/wp-content\/themes\/impact_summit\/frontend\/dev\/assets\/imgs\/svg-icons\/svg-sprite\/symbol-sprite.svg#email\"><\/use>\n                                    <\/svg>\n                                    <span class=\"text-start d-inline-block\">norbert.maur@<br \/>nadaciapontis.sk<\/span>\n                                <\/a><a class=\"team-card__link fs-lg-16 fs-14\" href=\"tel: \">\n                                    <svg class=\"icon icon-phone\">\n                                        <use xlink:href=\"\/wp-content\/themes\/impact_summit\/frontend\/dev\/assets\/imgs\/svg-icons\/svg-sprite\/symbol-sprite.svg#phone\"><\/use>\n                                    <\/svg>\n                                    <span> <\/span>\n                                <\/a><\/div><\/div><\/div><div class=\"col-12 col-md-6 col-xl-3 mb-lg-80 mb-60 animate-on-scroll animated\" style=\"translate: none; rotate: none; scale: none; transform: translate(0px, 0px); opacity: 1;\">\n                        <div class=\"team-card\">\n                            <div class=\"team-card__top\">\n                                <div class=\"team-card__img mb-lg-40 mb-25\">\n                                    <div class=\"avatar position-relative bg-yellow-200\">\n                                        <img decoding=\"async\" src=\"https:\/\/impactsummit.sk\/wp-content\/uploads\/2023\/10\/Matus-600x600.jpg\" alt=\"Mat\u00fa\u0161 Labanc\" class=\"img-fluid w-100 h-100 position-absolute\">\n                                    <\/div>\n                                <\/div>\n                                <h3 class=\"team-card__title fw-bold text-center mb-5\">Mat\u00fa\u0161 Labanc<\/h3>\n                                <p class=\"fs-lg-16 mb-20 text-center\">registration of participants, production<\/p>\n                            <\/div>\n                            <div class=\"team-card__bottom\">\n                                <a class=\"team-card__link fs-lg-16 fs-14\" href=\"mailto:matus.labanc@nadaciapontis.sk\">\n                                    <svg class=\"icon icon-email\">\n                                        <use xlink:href=\"\/wp-content\/themes\/impact_summit\/frontend\/dev\/assets\/imgs\/svg-icons\/svg-sprite\/symbol-sprite.svg#email\"><\/use>\n                                    <\/svg>\n                                    <span class=\"text-start d-inline-block\">matus.labanc@<br \/>nadaciapontis.sk<\/span>\n                                <\/a><a class=\"team-card__link fs-lg-16 fs-14\" href=\"tel: \">\n                                    <svg class=\"icon icon-phone\">\n                                        <use xlink:href=\"\/wp-content\/themes\/impact_summit\/frontend\/dev\/assets\/imgs\/svg-icons\/svg-sprite\/symbol-sprite.svg#phone\"><\/use>\n                                    <\/svg>\n                                    <span> <\/span>\n                                <\/a><\/div><\/div><\/div><div class=\"col-12 col-md-6 col-xl-3 mb-lg-80 mb-60 animate-on-scroll animated\" style=\"translate: none; rotate: none; scale: none; transform: translate(0px, 0px); opacity: 1;\">\n                        <div class=\"team-card\">\n                            <div class=\"team-card__top\">\n                                <div class=\"team-card__img mb-lg-40 mb-25\">\n                                    <div class=\"avatar position-relative bg-yellow-200\">\n                                        <img decoding=\"async\" src=\"https:\/\/impactsummit.sk\/wp-content\/uploads\/2023\/10\/Tomi-600x600.jpg\" alt=\"Tom\u00e1\u0161 Jane\u010dek\" class=\"img-fluid w-100 h-100 position-absolute\">\n                                    <\/div>\n                                <\/div>\n                                <h3 class=\"team-card__title fw-bold text-center mb-5\">Tom\u00e1\u0161 Jane\u010dek<\/h3>\n                                <p class=\"fs-lg-16 mb-20 text-center\">production<\/p>\n                            <\/div>\n                            <div class=\"team-card__bottom\">\n                                <a class=\"team-card__link fs-lg-16 fs-14\" href=\"mailto:tomas.janecek@nadaciapontis.sk\">\n                                    <svg class=\"icon icon-email\">\n                                        <use xlink:href=\"\/wp-content\/themes\/impact_summit\/frontend\/dev\/assets\/imgs\/svg-icons\/svg-sprite\/symbol-sprite.svg#email\"><\/use>\n                                    <\/svg>\n                                    <span class=\"text-start d-inline-block\">tomas.janecek@<br \/>nadaciapontis.sk<\/span>\n                                <\/a><a class=\"team-card__link fs-lg-16 fs-14\" href=\"tel: \">\n                                    <svg class=\"icon icon-phone\">\n                                        <use xlink:href=\"\/wp-content\/themes\/impact_summit\/frontend\/dev\/assets\/imgs\/svg-icons\/svg-sprite\/symbol-sprite.svg#phone\"><\/use>\n                                    <\/svg>\n                                    <span> <\/span>\n                                <\/a><\/div><\/div><\/div><div class=\"col-12 col-md-6 col-xl-3 mb-lg-80 mb-60 animate-on-scroll animated\" style=\"translate: none; rotate: none; scale: none; transform: translate(0px, 0px); opacity: 1;\">\n                        <div class=\"team-card\">\n                            <div class=\"team-card__top\">\n                                <div class=\"team-card__img mb-lg-40 mb-25\">\n                                    <div class=\"avatar position-relative bg-yellow-200\">\n                                        <img decoding=\"async\" src=\"https:\/\/impactsummit.sk\/wp-content\/uploads\/2023\/10\/Kati-600x600.jpg\" alt=\"Katar\u00edna Obuchov\u00e1\" class=\"img-fluid w-100 h-100 position-absolute\">\n                                    <\/div>\n                                <\/div>\n                                <h3 class=\"team-card__title fw-bold text-center mb-5\">Katar\u00edna Obuchov\u00e1<\/h3>\n                                <p class=\"fs-lg-16 mb-20 text-center\">PR<\/p>\n                            <\/div>\n                            <div class=\"team-card__bottom\">\n                                <a class=\"team-card__link fs-lg-16 fs-14\" href=\"mailto:katarina.obuchova@nadaciapontis.sk\">\n                                    <svg class=\"icon icon-email\">\n                                        <use xlink:href=\"\/wp-content\/themes\/impact_summit\/frontend\/dev\/assets\/imgs\/svg-icons\/svg-sprite\/symbol-sprite.svg#email\"><\/use>\n                                    <\/svg>\n                                    <span class=\"text-start d-inline-block\">katarina.obuchova@<br \/>nadaciapontis.sk<\/span>\n                                <\/a><a class=\"team-card__link fs-lg-16 fs-14\" href=\"tel:0940 612 751\">\n                                    <svg class=\"icon icon-phone\">\n                                        <use xlink:href=\"\/wp-content\/themes\/impact_summit\/frontend\/dev\/assets\/imgs\/svg-icons\/svg-sprite\/symbol-sprite.svg#phone\"><\/use>\n                                    <\/svg>\n                                    <span>0940 612 751<\/span>\n                                <\/a><\/div><\/div><\/div><\/div><\/div>\n\n<div class=\"wp-block-image\">\n<figure class=\"aligncenter size-large\"><img loading=\"lazy\" decoding=\"async\" width=\"1024\" height=\"683\" src=\"https:\/\/impactsummit.sk\/wp-content\/uploads\/2025\/05\/MMPhoto_4K-420-1024x683.jpg\" alt=\"\" class=\"wp-image-1831\" srcset=\"https:\/\/impactsummit.sk\/wp-content\/uploads\/2025\/05\/MMPhoto_4K-420-1024x683.jpg 1024w, https:\/\/impactsummit.sk\/wp-content\/uploads\/2025\/05\/MMPhoto_4K-420-600x400.jpg 600w, https:\/\/impactsummit.sk\/wp-content\/uploads\/2025\/05\/MMPhoto_4K-420-768x512.jpg 768w, https:\/\/impactsummit.sk\/wp-content\/uploads\/2025\/05\/MMPhoto_4K-420-1536x1024.jpg 1536w, https:\/\/impactsummit.sk\/wp-content\/uploads\/2025\/05\/MMPhoto_4K-420-2048x1366.jpg 2048w, https:\/\/impactsummit.sk\/wp-content\/uploads\/2025\/05\/MMPhoto_4K-420-738x492.jpg 738w, https:\/\/impactsummit.sk\/wp-content\/uploads\/2025\/05\/MMPhoto_4K-420-1746x1164.jpg 1746w, https:\/\/impactsummit.sk\/wp-content\/uploads\/2025\/05\/MMPhoto_4K-420-408x272.jpg 408w, https:\/\/impactsummit.sk\/wp-content\/uploads\/2025\/05\/MMPhoto_4K-420-816x544.jpg 816w, https:\/\/impactsummit.sk\/wp-content\/uploads\/2025\/05\/MMPhoto_4K-420-240x160.jpg 240w, https:\/\/impactsummit.sk\/wp-content\/uploads\/2025\/05\/MMPhoto_4K-420-480x320.jpg 480w, https:\/\/impactsummit.sk\/wp-content\/uploads\/2025\/05\/MMPhoto_4K-420-356x237.jpg 356w, https:\/\/impactsummit.sk\/wp-content\/uploads\/2025\/05\/MMPhoto_4K-420-712x475.jpg 712w\" sizes=\"auto, (max-width: 1024px) 100vw, 1024px\" \/><\/figure><\/div>","protected":false},"excerpt":{"rendered":"","protected":false},"author":1,"featured_media":0,"parent":0,"menu_order":0,"comment_status":"closed","ping_status":"closed","template":"","meta":{"footnotes":""},"class_list":["post-869","page","type-page","status-publish","hentry"],"acf":[],"yoast_head":"<!-- This site is optimized with the Yoast SEO plugin v26.2 - https:\/\/yoast.com\/wordpress\/plugins\/seo\/ -->\n<title>Contact - Impact Summit Nad\u00e1cia Pontis<\/title>\n<meta name=\"robots\" content=\"index, follow, max-snippet:-1, max-image-preview:large, max-video-preview:-1\" \/>\n<link rel=\"canonical\" href=\"https:\/\/impactsummit.sk\/en\/contact\/\" \/>\n<meta property=\"og:locale\" content=\"en_US\" \/>\n<meta property=\"og:type\" content=\"article\" \/>\n<meta property=\"og:title\" content=\"Contact - Impact Summit Nad\u00e1cia Pontis\" \/>\n<meta property=\"og:url\" content=\"https:\/\/impactsummit.sk\/en\/contact\/\" \/>\n<meta property=\"og:site_name\" content=\"Impact Summit Nad\u00e1cia Pontis\" \/>\n<meta property=\"article:modified_time\" content=\"2025-05-28T14:30:26+00:00\" \/>\n<meta property=\"og:image\" content=\"https:\/\/impactsummit.sk\/wp-content\/uploads\/2025\/05\/MMPhoto_4K-420-1024x683.jpg\" \/>\n<meta name=\"twitter:card\" content=\"summary_large_image\" \/>\n<meta name=\"twitter:label1\" content=\"Est. reading time\" \/>\n\t<meta name=\"twitter:data1\" content=\"1 minute\" \/>\n<script type=\"application\/ld+json\" class=\"yoast-schema-graph\">{\"@context\":\"https:\/\/schema.org\",\"@graph\":[{\"@type\":\"WebPage\",\"@id\":\"https:\/\/impactsummit.sk\/en\/contact\/\",\"url\":\"https:\/\/impactsummit.sk\/en\/contact\/\",\"name\":\"Contact - Impact Summit Nad\u00e1cia Pontis\",\"isPartOf\":{\"@id\":\"https:\/\/impactsummit.sk\/en\/#website\"},\"primaryImageOfPage\":{\"@id\":\"https:\/\/impactsummit.sk\/en\/contact\/#primaryimage\"},\"image\":{\"@id\":\"https:\/\/impactsummit.sk\/en\/contact\/#primaryimage\"},\"thumbnailUrl\":\"https:\/\/impactsummit.sk\/wp-content\/uploads\/2025\/05\/MMPhoto_4K-420-1024x683.jpg\",\"datePublished\":\"2023-09-14T09:28:24+00:00\",\"dateModified\":\"2025-05-28T14:30:26+00:00\",\"breadcrumb\":{\"@id\":\"https:\/\/impactsummit.sk\/en\/contact\/#breadcrumb\"},\"inLanguage\":\"en-US\",\"potentialAction\":[{\"@type\":\"ReadAction\",\"target\":[\"https:\/\/impactsummit.sk\/en\/contact\/\"]}]},{\"@type\":\"ImageObject\",\"inLanguage\":\"en-US\",\"@id\":\"https:\/\/impactsummit.sk\/en\/contact\/#primaryimage\",\"url\":\"https:\/\/impactsummit.sk\/wp-content\/uploads\/2025\/05\/MMPhoto_4K-420-1024x683.jpg\",\"contentUrl\":\"https:\/\/impactsummit.sk\/wp-content\/uploads\/2025\/05\/MMPhoto_4K-420-1024x683.jpg\"},{\"@type\":\"BreadcrumbList\",\"@id\":\"https:\/\/impactsummit.sk\/en\/contact\/#breadcrumb\",\"itemListElement\":[{\"@type\":\"ListItem\",\"position\":1,\"name\":\"Home\",\"item\":\"https:\/\/impactsummit.sk\/en\/\"},{\"@type\":\"ListItem\",\"position\":2,\"name\":\"Contact\"}]},{\"@type\":\"WebSite\",\"@id\":\"https:\/\/impactsummit.sk\/en\/#website\",\"url\":\"https:\/\/impactsummit.sk\/en\/\",\"name\":\"Impact Summit Nad\u00e1cia Pontis\",\"description\":\"\",\"publisher\":{\"@id\":\"https:\/\/impactsummit.sk\/en\/#organization\"},\"potentialAction\":[{\"@type\":\"SearchAction\",\"target\":{\"@type\":\"EntryPoint\",\"urlTemplate\":\"https:\/\/impactsummit.sk\/en\/?s={search_term_string}\"},\"query-input\":{\"@type\":\"PropertyValueSpecification\",\"valueRequired\":true,\"valueName\":\"search_term_string\"}}],\"inLanguage\":\"en-US\"},{\"@type\":\"Organization\",\"@id\":\"https:\/\/impactsummit.sk\/en\/#organization\",\"name\":\"Impact Summit Nad\u00e1cia Pontis\",\"url\":\"https:\/\/impactsummit.sk\/en\/\",\"logo\":{\"@type\":\"ImageObject\",\"inLanguage\":\"en-US\",\"@id\":\"https:\/\/impactsummit.sk\/en\/#\/schema\/logo\/image\/\",\"url\":\"https:\/\/impactsummit.sk\/wp-content\/uploads\/2023\/09\/symbol-sprite.svg\",\"contentUrl\":\"https:\/\/impactsummit.sk\/wp-content\/uploads\/2023\/09\/symbol-sprite.svg\",\"caption\":\"Impact Summit Nad\u00e1cia Pontis\"},\"image\":{\"@id\":\"https:\/\/impactsummit.sk\/en\/#\/schema\/logo\/image\/\"}}]}<\/script>\n<!-- \/ Yoast SEO plugin. -->","yoast_head_json":{"title":"Contact - Impact Summit Nad\u00e1cia Pontis","robots":{"index":"index","follow":"follow","max-snippet":"max-snippet:-1","max-image-preview":"max-image-preview:large","max-video-preview":"max-video-preview:-1"},"canonical":"https:\/\/impactsummit.sk\/en\/contact\/","og_locale":"en_US","og_type":"article","og_title":"Contact - Impact Summit Nad\u00e1cia Pontis","og_url":"https:\/\/impactsummit.sk\/en\/contact\/","og_site_name":"Impact Summit Nad\u00e1cia Pontis","article_modified_time":"2025-05-28T14:30:26+00:00","og_image":[{"url":"https:\/\/impactsummit.sk\/wp-content\/uploads\/2025\/05\/MMPhoto_4K-420-1024x683.jpg","type":"","width":"","height":""}],"twitter_card":"summary_large_image","twitter_misc":{"Est. reading time":"1 minute"},"schema":{"@context":"https:\/\/schema.org","@graph":[{"@type":"WebPage","@id":"https:\/\/impactsummit.sk\/en\/contact\/","url":"https:\/\/impactsummit.sk\/en\/contact\/","name":"Contact - Impact Summit Nad\u00e1cia Pontis","isPartOf":{"@id":"https:\/\/impactsummit.sk\/en\/#website"},"primaryImageOfPage":{"@id":"https:\/\/impactsummit.sk\/en\/contact\/#primaryimage"},"image":{"@id":"https:\/\/impactsummit.sk\/en\/contact\/#primaryimage"},"thumbnailUrl":"https:\/\/impactsummit.sk\/wp-content\/uploads\/2025\/05\/MMPhoto_4K-420-1024x683.jpg","datePublished":"2023-09-14T09:28:24+00:00","dateModified":"2025-05-28T14:30:26+00:00","breadcrumb":{"@id":"https:\/\/impactsummit.sk\/en\/contact\/#breadcrumb"},"inLanguage":"en-US","potentialAction":[{"@type":"ReadAction","target":["https:\/\/impactsummit.sk\/en\/contact\/"]}]},{"@type":"ImageObject","inLanguage":"en-US","@id":"https:\/\/impactsummit.sk\/en\/contact\/#primaryimage","url":"https:\/\/impactsummit.sk\/wp-content\/uploads\/2025\/05\/MMPhoto_4K-420-1024x683.jpg","contentUrl":"https:\/\/impactsummit.sk\/wp-content\/uploads\/2025\/05\/MMPhoto_4K-420-1024x683.jpg"},{"@type":"BreadcrumbList","@id":"https:\/\/impactsummit.sk\/en\/contact\/#breadcrumb","itemListElement":[{"@type":"ListItem","position":1,"name":"Home","item":"https:\/\/impactsummit.sk\/en\/"},{"@type":"ListItem","position":2,"name":"Contact"}]},{"@type":"WebSite","@id":"https:\/\/impactsummit.sk\/en\/#website","url":"https:\/\/impactsummit.sk\/en\/","name":"Impact Summit Nad\u00e1cia Pontis","description":"","publisher":{"@id":"https:\/\/impactsummit.sk\/en\/#organization"},"potentialAction":[{"@type":"SearchAction","target":{"@type":"EntryPoint","urlTemplate":"https:\/\/impactsummit.sk\/en\/?s={search_term_string}"},"query-input":{"@type":"PropertyValueSpecification","valueRequired":true,"valueName":"search_term_string"}}],"inLanguage":"en-US"},{"@type":"Organization","@id":"https:\/\/impactsummit.sk\/en\/#organization","name":"Impact Summit Nad\u00e1cia Pontis","url":"https:\/\/impactsummit.sk\/en\/","logo":{"@type":"ImageObject","inLanguage":"en-US","@id":"https:\/\/impactsummit.sk\/en\/#\/schema\/logo\/image\/","url":"https:\/\/impactsummit.sk\/wp-content\/uploads\/2023\/09\/symbol-sprite.svg","contentUrl":"https:\/\/impactsummit.sk\/wp-content\/uploads\/2023\/09\/symbol-sprite.svg","caption":"Impact Summit Nad\u00e1cia Pontis"},"image":{"@id":"https:\/\/impactsummit.sk\/en\/#\/schema\/logo\/image\/"}}]}},"_links":{"self":[{"href":"https:\/\/impactsummit.sk\/en\/wp-json\/wp\/v2\/pages\/869","targetHints":{"allow":["GET"]}}],"collection":[{"href":"https:\/\/impactsummit.sk\/en\/wp-json\/wp\/v2\/pages"}],"about":[{"href":"https:\/\/impactsummit.sk\/en\/wp-json\/wp\/v2\/types\/page"}],"author":[{"embeddable":true,"href":"https:\/\/impactsummit.sk\/en\/wp-json\/wp\/v2\/users\/1"}],"replies":[{"embeddable":true,"href":"https:\/\/impactsummit.sk\/en\/wp-json\/wp\/v2\/comments?post=869"}],"version-history":[{"count":4,"href":"https:\/\/impactsummit.sk\/en\/wp-json\/wp\/v2\/pages\/869\/revisions"}],"predecessor-version":[{"id":1840,"href":"https:\/\/impactsummit.sk\/en\/wp-json\/wp\/v2\/pages\/869\/revisions\/1840"}],"wp:attachment":[{"href":"https:\/\/impactsummit.sk\/en\/wp-json\/wp\/v2\/media?parent=869"}],"curies":[{"name":"wp","href":"https:\/\/api.w.org\/{rel}","templated":true}]}}